{"id":2271,"date":"2024-01-24T15:40:04","date_gmt":"2024-01-24T15:40:04","guid":{"rendered":"https:\/\/d3s.ai\/nos-references\/"},"modified":"2024-02-15T07:44:49","modified_gmt":"2024-02-15T07:44:49","slug":"nos-references","status":"publish","type":"page","link":"https:\/\/d3s.ai\/fr\/nos-references\/","title":{"rendered":"Nos r\u00e9f\u00e9rences"},"content":{"rendered":"<div class=\"fusion-fullwidth fullwidth-box nonhundred-percent-fullwidth non-hundred-percent-height-scrolling\"  style='background-color: #f8f8f8;background-position: center center;background-repeat: no-repeat;padding-top:70px;padding-right:30px;padding-bottom:100px;padding-left:30px;'><div class=\"fusion-builder-row fusion-row \"><div  class=\"fusion-layout-column fusion_builder_column fusion_builder_column_1_6  fusion-one-sixth fusion-column-first 1_6\"  style='margin-top:0px;margin-bottom:0px;width:16.66%;width:calc(16.66% - ( ( 4% + 4% ) * 0.1666 ) );margin-right: 4%;'>\n\t\t\t\t\t<div class=\"fusion-column-wrapper\" style=\"background-position:left top;background-repeat:no-repeat;-webkit-background-size:cover;-moz-background-size:cover;-o-background-size:cover;background-size:cover;\"  data-bg-url=\"\">\n\t\t\t\t\t\t<div class=\"fusion-clearfix\"><\/div>\n\n\t\t\t\t\t<\/div>\n\t\t\t\t<\/div><div  class=\"fusion-layout-column fusion_builder_column fusion_builder_column_2_3  fusion-two-third 2_3\"  style='margin-top:0px;margin-bottom:0px;width:66.66%;width:calc(66.66% - ( ( 4% + 4% ) * 0.6666 ) );margin-right: 4%;'>\n\t\t\t\t\t<div class=\"fusion-column-wrapper\" style=\"background-position:left top;background-repeat:no-repeat;-webkit-background-size:cover;-moz-background-size:cover;-o-background-size:cover;background-size:cover;\"  data-bg-url=\"\">\n\t\t\t\t\t\t<div class=\"fusion-text\"><h2 style=\"text-align: center;\"><span style=\"font-size: 30px; color: #006992;\">QUELQUES EXEMPLES<br \/>\n<\/span><\/h2>\n<\/div><div class=\"fusion-sep-clear\"><\/div><div class=\"fusion-separator sep-single sep-solid\" style=\"border-color:#006992;border-top-width:2px;margin-left: auto;margin-right: auto;margin-top:;margin-bottom:30px;width:100%;max-width:140px;\"><\/div><div class=\"fusion-text\"><p class=\"thin\" style=\"text-align: center;\"><span style=\"font-size: 22px;\">Nous fournissons des logiciels d&rsquo;IA \u00e0 fort impact pour les leaders de l&rsquo;industrie (Airbus, Renault, Safran, etc.). <strong>Notre laboratoire interne d\u00e9veloppe des algorithmes d&rsquo;apprentissage sur morphologies 3D, des mod\u00e8les NLP cibl\u00e9s et une plateforme innovante pour acc\u00e9l\u00e9rer le d\u00e9veloppement logiciel.<\/strong><\/span><\/p>\n<\/div><div class=\"fusion-clearfix\"><\/div>\n\n\t\t\t\t\t<\/div>\n\t\t\t\t<\/div><div  class=\"fusion-layout-column fusion_builder_column fusion_builder_column_1_6  fusion-one-sixth fusion-column-last 1_6\"  style='margin-top:0px;margin-bottom:0px;width:16.66%;width:calc(16.66% - ( ( 4% + 4% ) * 0.1666 ) );'>\n\t\t\t\t\t<div class=\"fusion-column-wrapper\" style=\"background-position:left top;background-repeat:no-repeat;-webkit-background-size:cover;-moz-background-size:cover;-o-background-size:cover;background-size:cover;\"  data-bg-url=\"\">\n\t\t\t\t\t\t<div class=\"fusion-sep-clear\"><\/div><div class=\"fusion-separator fusion-full-width-sep sep-none\" style=\"margin-left: auto;margin-right: auto;margin-top:1px;\"><\/div><div class=\"fusion-clearfix\"><\/div>\n\n\t\t\t\t\t<\/div>\n\t\t\t\t<\/div><div  class=\"fusion-layout-column fusion_builder_column fusion_builder_column_1_1  fusion-one-full fusion-column-first fusion-column-last 1_1\"  style='margin-top:0px;margin-bottom:0px;'>\n\t\t\t\t\t<div class=\"fusion-column-wrapper\" style=\"padding: 50px 0px 0px 0px;background-position:left top;background-repeat:no-repeat;-webkit-background-size:cover;-moz-background-size:cover;-o-background-size:cover;background-size:cover;\"  data-bg-url=\"\">\n\t\t\t\t\t\t<div class=\"fusion-sep-clear\"><\/div><div class=\"fusion-separator fusion-full-width-sep sep-none\" style=\"margin-left: auto;margin-right: auto;margin-top:;\"><\/div><div class=\"fusion-blog-shortcode fusion-blog-shortcode-1 fusion-blog-archive fusion-blog-layout-grid-wrapper fusion-blog-pagination\"><style type=\"text\/css\">.fusion-blog-shortcode-1 .fusion-blog-layout-grid .fusion-post-grid{padding:20px;}.fusion-blog-shortcode-1 .fusion-posts-container{margin-left: -20px !important; margin-right:-20px !important;}<\/style><div class=\"fusion-posts-container fusion-posts-container-pagination fusion-no-meta-info fusion-blog-rollover fusion-blog-layout-grid fusion-blog-layout-grid-3 isotope fusion-blog-equal-heights\" data-pages=\"1\" data-grid-col-space=\"40\" style=\"margin: -20px -20px 0;min-height:500px;\"><article id=\"post-2280\" class=\"fusion-post-grid post-2280 post type-post status-publish format-standard has-post-thumbnail hentry category-home-featured category-nos-references\">\n<div class=\"fusion-post-wrapper\" style=\"background-color:rgba(255,255,255,1);border:none;\">\n\n\t\t\t<div class=\"fusion-flexslider flexslider fusion-flexslider-loading fusion-post-slideshow\" style=\"border-color:rgba(235,234,234,0)\">\n\t\t<ul class=\"slides\">\n\t\t\t\n\t\t\t\t\t\t\t\t\t\t\t\t\t\t\t\t\t\t<li>\n\n<div  class=\"fusion-image-wrapper\" aria-haspopup=\"true\">\n\t\n\t\n\t\t\n\t\t\t\t\t<img width=\"800\" height=\"533\" src=\"https:\/\/d3s.ai\/wp-content\/uploads\/2017\/12\/light2-400x267.jpg\" class=\"attachment-full size-full wp-post-image\" alt=\"\" loading=\"lazy\" srcset=\"https:\/\/d3s.ai\/wp-content\/uploads\/2017\/12\/light2-200x133.jpg 200w, https:\/\/d3s.ai\/wp-content\/uploads\/2017\/12\/light2-400x267.jpg 400w, https:\/\/d3s.ai\/wp-content\/uploads\/2017\/12\/light2-600x400.jpg 600w, https:\/\/d3s.ai\/wp-content\/uploads\/2017\/12\/light2.jpg 800w\" sizes=\"(min-width: 2200px) 100vw, (min-width: 864px) 363px, (min-width: 752px) 545px, (min-width: 640px) 752px, \" \/>\n\t\n\n\t\t<div class=\"fusion-rollover\">\n\t<div class=\"fusion-rollover-content\">\n\n\t\t\t\t\t\t\t\t\t\t\t\t\t\t<a class=\"fusion-rollover-link\" href=\"https:\/\/d3s.ai\/fr\/nos-references\/la-solution-digital-costing-recompensee\/\">La solution Digital Costing r\u00e9compens\u00e9e<\/a>\n\t\t\t\n\t\t\t\t\t\t\t\t\n\t\t\t\t\n\t\t\t\t\t\t\t\t\n\t\t\t\t\t\t\t\t\n\t\t\n\t\t\t\t<a class=\"fusion-link-wrapper\" href=\"https:\/\/d3s.ai\/fr\/nos-references\/la-solution-digital-costing-recompensee\/\" aria-label=\"La solution Digital Costing r\u00e9compens\u00e9e\"><\/a>\n\t<\/div>\n<\/div>\n\n\t\n<\/div>\n<\/li>\n\t\t\t\n\t\t\t\n\t\t\t\t\t\t\t\t\t\t\t\t\t\t\t\t\t\t\t\t\t\t\t\t\t\t\t\t\t\t\t\t\t\t\t\t\t\t\t\t\t\t\t\t\t\t\t\t\t\t\t\t\t\t\t\t\t\t\t\t\t\t\t\t\t\t\t\t<\/ul>\n\t<\/div>\n<div class=\"fusion-post-content-wrapper\" style=\"padding: 30px 25px 20px 25px;\"><div class=\"fusion-post-content post-content\"><h2 class=\"blog-shortcode-post-title entry-title\"><a href=\"https:\/\/d3s.ai\/fr\/nos-references\/la-solution-digital-costing-recompensee\/\">La solution Digital Costing r\u00e9compens\u00e9e<\/a><\/h2><div class=\"fusion-post-content-container\"><p>L'IA de Digital Costing comprend la morphologie de milliers de pi\u00e8ces \u00e0 partir de donn\u00e9es d'ing\u00e9nierie (3D, BoM, etc.), d\u00e9tecte les processus de fabrication et calcule \u00e0 la fois les co\u00fbts et l'empreinte carbone avec le d\u00e9tail par poste.<\/p><\/div><\/div><\/div><div class=\"fusion-clearfix\"><\/div><\/div>\n<\/article>\n<article id=\"post-2288\" class=\"fusion-post-grid post-2288 post type-post status-publish format-standard has-post-thumbnail hentry category-nos-references\">\n<div class=\"fusion-post-wrapper\" style=\"background-color:rgba(255,255,255,1);border:none;\">\n\n\t\t\t<div class=\"fusion-flexslider flexslider fusion-flexslider-loading fusion-post-slideshow\" style=\"border-color:rgba(235,234,234,0)\">\n\t\t<ul class=\"slides\">\n\t\t\t\n\t\t\t\t\t\t\t\t\t\t\t\t\t\t\t\t\t\t<li>\n\n<div  class=\"fusion-image-wrapper\" aria-haspopup=\"true\">\n\t\n\t\n\t\t\n\t\t\t\t\t<img width=\"800\" height=\"533\" src=\"https:\/\/d3s.ai\/wp-content\/uploads\/2017\/11\/predictive-400x267.jpg\" class=\"attachment-full size-full wp-post-image\" alt=\"\" loading=\"lazy\" srcset=\"https:\/\/d3s.ai\/wp-content\/uploads\/2017\/11\/predictive-200x133.jpg 200w, https:\/\/d3s.ai\/wp-content\/uploads\/2017\/11\/predictive-400x267.jpg 400w, https:\/\/d3s.ai\/wp-content\/uploads\/2017\/11\/predictive-600x400.jpg 600w, https:\/\/d3s.ai\/wp-content\/uploads\/2017\/11\/predictive.jpg 800w\" sizes=\"(min-width: 2200px) 100vw, (min-width: 864px) 363px, (min-width: 752px) 545px, (min-width: 640px) 752px, \" \/>\n\t\n\n\t\t<div class=\"fusion-rollover\">\n\t<div class=\"fusion-rollover-content\">\n\n\t\t\t\t\t\t\t\t\t\t\t\t\t\t<a class=\"fusion-rollover-link\" href=\"https:\/\/d3s.ai\/fr\/nos-references\/optimisation-des-materiaux\/\">Optimisation des mat\u00e9riaux<\/a>\n\t\t\t\n\t\t\t\t\t\t\t\t\n\t\t\t\t\n\t\t\t\t\t\t\t\t\n\t\t\t\t\t\t\t\t\n\t\t\n\t\t\t\t<a class=\"fusion-link-wrapper\" href=\"https:\/\/d3s.ai\/fr\/nos-references\/optimisation-des-materiaux\/\" aria-label=\"Optimisation des mat\u00e9riaux\"><\/a>\n\t<\/div>\n<\/div>\n\n\t\n<\/div>\n<\/li>\n\t\t\t\n\t\t\t\n\t\t\t\t\t\t\t\t\t\t\t\t\t\t\t\t\t\t\t\t\t\t\t\t\t\t\t\t\t\t\t\t\t\t\t\t\t\t\t\t\t\t\t\t\t\t\t\t\t\t\t\t\t\t\t\t\t\t\t\t\t\t\t\t\t\t\t\t<\/ul>\n\t<\/div>\n<div class=\"fusion-post-content-wrapper\" style=\"padding: 30px 25px 20px 25px;\"><div class=\"fusion-post-content post-content\"><h2 class=\"blog-shortcode-post-title entry-title\"><a href=\"https:\/\/d3s.ai\/fr\/nos-references\/optimisation-des-materiaux\/\">Optimisation des mat\u00e9riaux<\/a><\/h2><div class=\"fusion-post-content-container\"><p>L'\u00e9quipe de D3S a d\u00e9velopp\u00e9 des algorithmes d'optimisation pour imbriquer des pi\u00e8ces \u00e0 partir de mod\u00e8les 3D et r\u00e9duire la consommation de mat\u00e9riaux. Nos mod\u00e8les fonctionnent massivement sur des milliers de pi\u00e8ces. Ils \u00e9conomisent les ressources naturelles, r\u00e9duisent les co\u00fbts et l'empreinte carbone.<\/p><\/div><\/div><\/div><div class=\"fusion-clearfix\"><\/div><\/div>\n<\/article>\n<article id=\"post-2292\" class=\"fusion-post-grid post-2292 post type-post status-publish format-standard has-post-thumbnail hentry category-home-featured category-nos-references\">\n<div class=\"fusion-post-wrapper\" style=\"background-color:rgba(255,255,255,1);border:none;\">\n\n\t\t\t<div class=\"fusion-flexslider flexslider fusion-flexslider-loading fusion-post-slideshow\" style=\"border-color:rgba(235,234,234,0)\">\n\t\t<ul class=\"slides\">\n\t\t\t\n\t\t\t\t\t\t\t\t\t\t\t\t\t\t\t\t\t\t<li>\n\n<div  class=\"fusion-image-wrapper\" aria-haspopup=\"true\">\n\t\n\t\n\t\t\n\t\t\t\t\t<img width=\"800\" height=\"533\" src=\"https:\/\/d3s.ai\/wp-content\/uploads\/2017\/12\/light1-400x267.jpg\" class=\"attachment-full size-full wp-post-image\" alt=\"\" loading=\"lazy\" srcset=\"https:\/\/d3s.ai\/wp-content\/uploads\/2017\/12\/light1-200x133.jpg 200w, https:\/\/d3s.ai\/wp-content\/uploads\/2017\/12\/light1-400x267.jpg 400w, https:\/\/d3s.ai\/wp-content\/uploads\/2017\/12\/light1-600x400.jpg 600w, https:\/\/d3s.ai\/wp-content\/uploads\/2017\/12\/light1.jpg 800w\" sizes=\"(min-width: 2200px) 100vw, (min-width: 864px) 363px, (min-width: 752px) 545px, (min-width: 640px) 752px, \" \/>\n\t\n\n\t\t<div class=\"fusion-rollover\">\n\t<div class=\"fusion-rollover-content\">\n\n\t\t\t\t\t\t\t\t\t\t\t\t\t\t<a class=\"fusion-rollover-link\" href=\"https:\/\/d3s.ai\/fr\/nos-references\/nlp-industriel\/\">NLP industriel<\/a>\n\t\t\t\n\t\t\t\t\t\t\t\t\n\t\t\t\t\n\t\t\t\t\t\t\t\t\n\t\t\t\t\t\t\t\t\n\t\t\n\t\t\t\t<a class=\"fusion-link-wrapper\" href=\"https:\/\/d3s.ai\/fr\/nos-references\/nlp-industriel\/\" aria-label=\"NLP industriel\"><\/a>\n\t<\/div>\n<\/div>\n\n\t\n<\/div>\n<\/li>\n\t\t\t\n\t\t\t\n\t\t\t\t\t\t\t\t\t\t\t\t\t\t\t\t\t\t\t\t\t\t\t\t\t\t\t\t\t\t\t\t\t\t\t\t\t\t\t\t\t\t\t\t\t\t\t\t\t\t\t\t\t\t\t\t\t\t\t\t\t\t\t\t\t\t\t\t<\/ul>\n\t<\/div>\n<div class=\"fusion-post-content-wrapper\" style=\"padding: 30px 25px 20px 25px;\"><div class=\"fusion-post-content post-content\"><h2 class=\"blog-shortcode-post-title entry-title\"><a href=\"https:\/\/d3s.ai\/fr\/nos-references\/nlp-industriel\/\">NLP industriel<\/a><\/h2><div class=\"fusion-post-content-container\"><p>Un Large Language Model pour mesurer les similitudes entre les probl\u00e8mes de qualit\u00e9 observ\u00e9s sur les lignes de production. Il permet d'\u00e9radiquer les causes profondes gr\u00e2ce \u00e0 une classification rapide, \u00e0 l'identification des voisins les plus proches et \u00e0 la d\u00e9tection des r\u00e9currences cach\u00e9es.<\/p><\/div><\/div><\/div><div class=\"fusion-clearfix\"><\/div><\/div>\n<\/article>\n<article id=\"post-2295\" class=\"fusion-post-grid post-2295 post type-post status-publish format-standard has-post-thumbnail hentry category-nos-references\">\n<div class=\"fusion-post-wrapper\" style=\"background-color:rgba(255,255,255,1);border:none;\">\n\n\t\t\t<div class=\"fusion-flexslider flexslider fusion-flexslider-loading fusion-post-slideshow\" style=\"border-color:rgba(235,234,234,0)\">\n\t\t<ul class=\"slides\">\n\t\t\t\n\t\t\t\t\t\t\t\t\t\t\t\t\t\t\t\t\t\t<li>\n\n<div  class=\"fusion-image-wrapper\" aria-haspopup=\"true\">\n\t\n\t\n\t\t\n\t\t\t\t\t<img width=\"800\" height=\"533\" src=\"https:\/\/d3s.ai\/wp-content\/uploads\/2017\/11\/analysis-400x267.jpg\" class=\"attachment-full size-full wp-post-image\" alt=\"\" loading=\"lazy\" srcset=\"https:\/\/d3s.ai\/wp-content\/uploads\/2017\/11\/analysis-200x133.jpg 200w, https:\/\/d3s.ai\/wp-content\/uploads\/2017\/11\/analysis-400x267.jpg 400w, https:\/\/d3s.ai\/wp-content\/uploads\/2017\/11\/analysis-600x400.jpg 600w, https:\/\/d3s.ai\/wp-content\/uploads\/2017\/11\/analysis.jpg 800w\" sizes=\"(min-width: 2200px) 100vw, (min-width: 864px) 363px, (min-width: 752px) 545px, (min-width: 640px) 752px, \" \/>\n\t\n\n\t\t<div class=\"fusion-rollover\">\n\t<div class=\"fusion-rollover-content\">\n\n\t\t\t\t\t\t\t\t\t\t\t\t\t\t<a class=\"fusion-rollover-link\" href=\"https:\/\/d3s.ai\/fr\/nos-references\/carbone-logistique\/\">Carbone logistique<\/a>\n\t\t\t\n\t\t\t\t\t\t\t\t\n\t\t\t\t\n\t\t\t\t\t\t\t\t\n\t\t\t\t\t\t\t\t\n\t\t\n\t\t\t\t<a class=\"fusion-link-wrapper\" href=\"https:\/\/d3s.ai\/fr\/nos-references\/carbone-logistique\/\" aria-label=\"Carbone logistique\"><\/a>\n\t<\/div>\n<\/div>\n\n\t\n<\/div>\n<\/li>\n\t\t\t\n\t\t\t\n\t\t\t\t\t\t\t\t\t\t\t\t\t\t\t\t\t\t\t\t\t\t\t\t\t\t\t\t\t\t\t\t\t\t\t\t\t\t\t\t\t\t\t\t\t\t\t\t\t\t\t\t\t\t\t\t\t\t\t\t\t\t\t\t\t\t\t\t<\/ul>\n\t<\/div>\n<div class=\"fusion-post-content-wrapper\" style=\"padding: 30px 25px 20px 25px;\"><div class=\"fusion-post-content post-content\"><h2 class=\"blog-shortcode-post-title entry-title\"><a href=\"https:\/\/d3s.ai\/fr\/nos-references\/carbone-logistique\/\">Carbone logistique<\/a><\/h2><div class=\"fusion-post-content-container\"><p>L'\u00e9quipe de D3S a fourni un logiciel permettant d'analyser les flux logistiques, de calculer les co\u00fbts (CO2 et financiers) et d'ex\u00e9cuter des sc\u00e9narios optimis\u00e9s. Il est actuellement utilis\u00e9 par une grande entreprise industrielle du secteur a\u00e9ronautique.<\/p><\/div><\/div><\/div><div class=\"fusion-clearfix\"><\/div><\/div>\n<\/article>\n<article id=\"post-2298\" class=\"fusion-post-grid post-2298 post type-post status-publish format-standard has-post-thumbnail hentry category-home-featured category-nos-references\">\n<div class=\"fusion-post-wrapper\" style=\"background-color:rgba(255,255,255,1);border:none;\">\n\n\t\t\t<div class=\"fusion-flexslider flexslider fusion-flexslider-loading fusion-post-slideshow\" style=\"border-color:rgba(235,234,234,0)\">\n\t\t<ul class=\"slides\">\n\t\t\t\n\t\t\t\t\t\t\t\t\t\t\t\t\t\t\t\t\t\t<li>\n\n<div  class=\"fusion-image-wrapper\" aria-haspopup=\"true\">\n\t\n\t\n\t\t\n\t\t\t\t\t<img width=\"800\" height=\"533\" src=\"https:\/\/d3s.ai\/wp-content\/uploads\/2017\/12\/light3-400x267.jpg\" class=\"attachment-full size-full wp-post-image\" alt=\"\" loading=\"lazy\" srcset=\"https:\/\/d3s.ai\/wp-content\/uploads\/2017\/12\/light3-200x133.jpg 200w, https:\/\/d3s.ai\/wp-content\/uploads\/2017\/12\/light3-400x267.jpg 400w, https:\/\/d3s.ai\/wp-content\/uploads\/2017\/12\/light3-600x400.jpg 600w, https:\/\/d3s.ai\/wp-content\/uploads\/2017\/12\/light3.jpg 800w\" sizes=\"(min-width: 2200px) 100vw, (min-width: 864px) 363px, (min-width: 752px) 545px, (min-width: 640px) 752px, \" \/>\n\t\n\n\t\t<div class=\"fusion-rollover\">\n\t<div class=\"fusion-rollover-content\">\n\n\t\t\t\t\t\t\t\t\t\t\t\t\t\t<a class=\"fusion-rollover-link\" href=\"https:\/\/d3s.ai\/fr\/nos-references\/ia-risque-de-credit\/\">IA sur les paiements<\/a>\n\t\t\t\n\t\t\t\t\t\t\t\t\n\t\t\t\t\n\t\t\t\t\t\t\t\t\n\t\t\t\t\t\t\t\t\n\t\t\n\t\t\t\t<a class=\"fusion-link-wrapper\" href=\"https:\/\/d3s.ai\/fr\/nos-references\/ia-risque-de-credit\/\" aria-label=\"IA sur les paiements\"><\/a>\n\t<\/div>\n<\/div>\n\n\t\n<\/div>\n<\/li>\n\t\t\t\n\t\t\t\n\t\t\t\t\t\t\t\t\t\t\t\t\t\t\t\t\t\t\t\t\t\t\t\t\t\t\t\t\t\t\t\t\t\t\t\t\t\t\t\t\t\t\t\t\t\t\t\t\t\t\t\t\t\t\t\t\t\t\t\t\t\t\t\t\t\t\t\t<\/ul>\n\t<\/div>\n<div class=\"fusion-post-content-wrapper\" style=\"padding: 30px 25px 20px 25px;\"><div class=\"fusion-post-content post-content\"><h2 class=\"blog-shortcode-post-title entry-title\"><a href=\"https:\/\/d3s.ai\/fr\/nos-references\/ia-risque-de-credit\/\">IA sur les paiements<\/a><\/h2><div class=\"fusion-post-content-container\"><p>Une entreprise industrielle du CAC40, avec plus de 100 000 clients, est confront\u00e9e \u00e0 des retards de paiement. La solution pr\u00e9dictive fournie permet de cibler les efforts de recouvrement, en apprenant \u00e0 partir du comportement historique et de toutes les caract\u00e9ristiques disponibles.<\/p><\/div><\/div><\/div><div class=\"fusion-clearfix\"><\/div><\/div>\n<\/article>\n<article id=\"post-2301\" class=\"fusion-post-grid post-2301 post type-post status-publish format-standard has-post-thumbnail hentry category-nos-references\">\n<div class=\"fusion-post-wrapper\" style=\"background-color:rgba(255,255,255,1);border:none;\">\n\n\t\t\t<div class=\"fusion-flexslider flexslider fusion-flexslider-loading fusion-post-slideshow\" style=\"border-color:rgba(235,234,234,0)\">\n\t\t<ul class=\"slides\">\n\t\t\t\n\t\t\t\t\t\t\t\t\t\t\t\t\t\t\t\t\t\t<li>\n\n<div  class=\"fusion-image-wrapper\" aria-haspopup=\"true\">\n\t\n\t\n\t\t\n\t\t\t\t\t<img width=\"800\" height=\"533\" src=\"https:\/\/d3s.ai\/wp-content\/uploads\/2017\/11\/maintenance-400x267.jpg\" class=\"attachment-full size-full wp-post-image\" alt=\"\" loading=\"lazy\" srcset=\"https:\/\/d3s.ai\/wp-content\/uploads\/2017\/11\/maintenance-200x133.jpg 200w, https:\/\/d3s.ai\/wp-content\/uploads\/2017\/11\/maintenance-400x267.jpg 400w, https:\/\/d3s.ai\/wp-content\/uploads\/2017\/11\/maintenance-600x400.jpg 600w, https:\/\/d3s.ai\/wp-content\/uploads\/2017\/11\/maintenance.jpg 800w\" sizes=\"(min-width: 2200px) 100vw, (min-width: 864px) 363px, (min-width: 752px) 545px, (min-width: 640px) 752px, \" \/>\n\t\n\n\t\t<div class=\"fusion-rollover\">\n\t<div class=\"fusion-rollover-content\">\n\n\t\t\t\t\t\t\t\t\t\t\t\t\t\t<a class=\"fusion-rollover-link\" href=\"https:\/\/d3s.ai\/fr\/nos-references\/ia-pour-les-achats-generaux\/\">IA pour les achats<\/a>\n\t\t\t\n\t\t\t\t\t\t\t\t\n\t\t\t\t\n\t\t\t\t\t\t\t\t\n\t\t\t\t\t\t\t\t\n\t\t\n\t\t\t\t<a class=\"fusion-link-wrapper\" href=\"https:\/\/d3s.ai\/fr\/nos-references\/ia-pour-les-achats-generaux\/\" aria-label=\"IA pour les achats\"><\/a>\n\t<\/div>\n<\/div>\n\n\t\n<\/div>\n<\/li>\n\t\t\t\n\t\t\t\n\t\t\t\t\t\t\t\t\t\t\t\t\t\t\t\t\t\t\t\t\t\t\t\t\t\t\t\t\t\t\t\t\t\t\t\t\t\t\t\t\t\t\t\t\t\t\t\t\t\t\t\t\t\t\t\t\t\t\t\t\t\t\t\t\t\t\t\t<\/ul>\n\t<\/div>\n<div class=\"fusion-post-content-wrapper\" style=\"padding: 30px 25px 20px 25px;\"><div class=\"fusion-post-content post-content\"><h2 class=\"blog-shortcode-post-title entry-title\"><a href=\"https:\/\/d3s.ai\/fr\/nos-references\/ia-pour-les-achats-generaux\/\">IA pour les achats<\/a><\/h2><div class=\"fusion-post-content-container\"><p>Une intelligence artificielle pour r\u00e9duire les d\u00e9penses d'achats g\u00e9n\u00e9raux Elle a \u00e9t\u00e9 appliqu\u00e9e \u00e0 un leader de l'industrie a\u00e9ronautique lors de la crise COVID. La solution classe les biens et les services dans des cat\u00e9gories d\u00e9taill\u00e9es et d\u00e9tecte les demandes d'achat qui pourraient \u00eatre \u00e9vit\u00e9es.<\/p><\/div><\/div><\/div><div class=\"fusion-clearfix\"><\/div><\/div>\n<\/article>\n<div class=\"fusion-clearfix\"><\/div><\/div><\/div><div class=\"fusion-clearfix\"><\/div>\n\n\t\t\t\t\t<\/div>\n\t\t\t\t<\/div><\/div><\/div>\n","protected":false},"excerpt":{"rendered":"","protected":false},"author":3,"featured_media":0,"parent":0,"menu_order":4,"comment_status":"closed","ping_status":"closed","template":"100-width.php","meta":{"inline_featured_image":false},"_links":{"self":[{"href":"https:\/\/d3s.ai\/fr\/wp-json\/wp\/v2\/pages\/2271"}],"collection":[{"href":"https:\/\/d3s.ai\/fr\/wp-json\/wp\/v2\/pages"}],"about":[{"href":"https:\/\/d3s.ai\/fr\/wp-json\/wp\/v2\/types\/page"}],"author":[{"embeddable":true,"href":"https:\/\/d3s.ai\/fr\/wp-json\/wp\/v2\/users\/3"}],"replies":[{"embeddable":true,"href":"https:\/\/d3s.ai\/fr\/wp-json\/wp\/v2\/comments?post=2271"}],"version-history":[{"count":5,"href":"https:\/\/d3s.ai\/fr\/wp-json\/wp\/v2\/pages\/2271\/revisions"}],"predecessor-version":[{"id":2398,"href":"https:\/\/d3s.ai\/fr\/wp-json\/wp\/v2\/pages\/2271\/revisions\/2398"}],"wp:attachment":[{"href":"https:\/\/d3s.ai\/fr\/wp-json\/wp\/v2\/media?parent=2271"}],"curies":[{"name":"wp","href":"https:\/\/api.w.org\/{rel}","templated":true}]}}