{"id":2277,"date":"2024-01-25T15:39:46","date_gmt":"2024-01-25T15:39:46","guid":{"rendered":"https:\/\/d3s.ai\/contact\/"},"modified":"2024-02-14T09:08:19","modified_gmt":"2024-02-14T09:08:19","slug":"contact","status":"publish","type":"page","link":"https:\/\/d3s.ai\/fr\/contact\/","title":{"rendered":"Contact"},"content":{"rendered":"<p><div class=\"fusion-fullwidth fullwidth-box hundred-percent-fullwidth non-hundred-percent-height-scrolling fusion-equal-height-columns\"  style='background-color: #f8f8f8;background-position: center center;background-repeat: no-repeat;padding-right:0px;padding-left:0px;'><div class=\"fusion-builder-row fusion-row \"><div  class=\"fusion-layout-column fusion_builder_column fusion_builder_column_1_2  fusion-one-half fusion-column-first 1_2\"  style='margin-top:0px;margin-bottom:0px;width:50%;width:calc(50% - ( ( 4% ) * 0.5 ) );margin-right: 4%;'>\n\t\t\t\t\t<div class=\"fusion-column-wrapper\" style=\"padding: 60px 6% 60px 6%;background-position:left top;background-repeat:no-repeat;-webkit-background-size:cover;-moz-background-size:cover;-o-background-size:cover;background-size:cover;\"  data-bg-url=\"\">\n\t\t\t\t\t\t<div class=\"fusion-text\"><h2><span style=\"font-size: 30px;\">LOCALISATION<br \/>\n<\/span><\/h2>\n<\/div><div class=\"fusion-sep-clear\"><\/div><div class=\"fusion-separator sep-single sep-solid\" style=\"border-color:006992 ;border-top-width:2px;margin-top:0px;margin-bottom:30px;width:100%;max-width:140px;\"><\/div><div class=\"fusion-text\"><p class=\"thin\" style=\"text-align: left;\"><span style=\"font-size: 22px;\">Situ\u00e9e au c\u0153ur des Alpes, en France, Grenoble est parfois consid\u00e9r\u00e9e comme la Silicon Valley fran\u00e7aise. La ville est l&rsquo;un des leaders europ\u00e9ens dans le domaine des industries de haute technologie telles que les nanotechnologies et les biotechnologies. De nombreuses entreprises de premier plan et des acteurs mondiaux se sont install\u00e9s ici (ST Microelectronics, Schneider, Air Liquid, etc.).<br \/>\n<\/span><\/p>\n<p class=\"thin\" style=\"text-align: left;\"><span style=\"font-size: 22px;\">Grenoble compte quatre universit\u00e9s qui accueillent plus de 50 000 \u00e9tudiants (10 % de la population totale). Cela en fait l&rsquo;une des plus grandes villes \u00e9tudiantes du pays. Comme vous pouvez l&rsquo;imaginer, la facult\u00e9 des sciences jouit d&rsquo;une excellente r\u00e9putation.<\/span><\/p>\n<p class=\"thin\" style=\"text-align: left;\"><span style=\"font-size: 22px;\">La ville abrite \u00e9galement l&rsquo;une des meilleures \u00e9coles d&rsquo;ing\u00e9nieurs en math\u00e9matiques et en informatique (ENSIMAG) et des laboratoires de recherche tels que l&rsquo;INRIA (Institut national de recherche appliqu\u00e9e en informatique), le LETI, MINATEC, etc.<br \/>\n<\/span><\/p>\n<\/div><div class=\"fusion-clearfix\"><\/div>\n\n\t\t\t\t\t<\/div>\n\t\t\t\t<\/div><div  class=\"fusion-layout-column fusion_builder_column fusion_builder_column_1_2  fusion-one-half fusion-column-last fusion-blend-mode 1_2\"  style='margin-top:0px;margin-bottom:0px;width:50%;width:calc(50% - ( ( 4% ) * 0.5 ) );'>\n\t\t\t\t\t<div class=\"fusion-column-wrapper\" style=\"background-color:#d9e9ef;padding: 60px 6% 60px 6%;background-position:left top;background-repeat:no-repeat;-webkit-background-size:cover;-moz-background-size:cover;-o-background-size:cover;background-size:cover;\"  data-bg-url=\"\">\n\t\t\t\t\t\t<div class=\"fusion-text\"><h2><span style=\"font-size: 30px;\">VOUS SOUHAITEZ NOUS CONTACTER ?<\/span><\/h2>\n<\/div><div class=\"fusion-sep-clear\"><\/div><div class=\"fusion-separator fusion-full-width-sep sep-none\" style=\"margin-left: auto;margin-right: auto;margin-top:30px;\"><\/div><div role=\"form\" class=\"wpcf7\" id=\"wpcf7-f2361-o1\" lang=\"fr-FR\" dir=\"ltr\">\n<div class=\"screen-reader-response\"><p role=\"status\" aria-live=\"polite\" aria-atomic=\"true\"><\/p> <ul><\/ul><\/div>\n<form action=\"\/fr\/wp-json\/wp\/v2\/pages\/2277#wpcf7-f2361-o1\" method=\"post\" class=\"wpcf7-form init\" novalidate=\"novalidate\" data-status=\"init\">\n<div style=\"display: none;\">\n<input type=\"hidden\" name=\"_wpcf7\" value=\"2361\" \/>\n<input type=\"hidden\" name=\"_wpcf7_version\" value=\"5.6.1\" \/>\n<input type=\"hidden\" name=\"_wpcf7_locale\" value=\"fr_FR\" \/>\n<input type=\"hidden\" name=\"_wpcf7_unit_tag\" value=\"wpcf7-f2361-o1\" \/>\n<input type=\"hidden\" name=\"_wpcf7_container_post\" value=\"0\" \/>\n<input type=\"hidden\" name=\"_wpcf7_posted_data_hash\" value=\"\" \/>\n<input type=\"hidden\" name=\"_wpcf7_recaptcha_response\" value=\"\" \/>\n<\/div>\n<p><label><span class=\"wpcf7-form-control-wrap\" data-name=\"your-name\"><input type=\"text\" name=\"your-name\" value=\"\" size=\"40\" class=\"wpcf7-form-control wpcf7-text wpcf7-validates-as-required\" aria-required=\"true\" aria-invalid=\"false\" placeholder=\"NOM (*)\" \/><\/span><\/label><\/p>\n<p><label><span class=\"wpcf7-form-control-wrap\" data-name=\"your-email\"><input type=\"email\" name=\"your-email\" value=\"\" size=\"40\" class=\"wpcf7-form-control wpcf7-text wpcf7-email wpcf7-validates-as-required wpcf7-validates-as-email\" aria-required=\"true\" aria-invalid=\"false\" placeholder=\"EMAIL (*)\" \/><\/span><\/label><\/p>\n<p><label><span class=\"wpcf7-form-control-wrap\" data-name=\"your-subject\"><input type=\"text\" name=\"your-subject\" value=\"\" size=\"40\" class=\"wpcf7-form-control wpcf7-text wpcf7-validates-as-required\" aria-required=\"true\" aria-invalid=\"false\" placeholder=\"SUJET (*)\" \/><\/span><\/label><\/p>\n<p><label><span class=\"wpcf7-form-control-wrap\" data-name=\"your-message\"><textarea name=\"your-message\" cols=\"40\" rows=\"10\" class=\"wpcf7-form-control wpcf7-textarea wpcf7-validates-as-required\" aria-required=\"true\" aria-invalid=\"false\" placeholder=\"MESSAGE (*)\"><\/textarea><\/span> <\/label><\/p>\n\n<p><br><br \/>\n<input type=\"submit\" value=\"Contactez-nous\" class=\"wpcf7-form-control has-spinner wpcf7-submit\" \/><\/p>\n<div class=\"wpcf7-response-output\" aria-hidden=\"true\"><\/div><\/form><\/div><div class=\"fusion-clearfix\"><\/div>\n\n\t\t\t\t\t<\/div>\n\t\t\t\t<\/div><\/div><\/div><div class=\"fusion-bg-parallax\"  data-bg-align=\"center center\" data-direction=\"up\" data-mute=\"false\" data-opacity=\"100\" data-velocity=\"-0.3\" data-mobile-enabled=\"true\" data-break_parents=\"0\" data-bg-image=\"http:\/\/d3s.ai\/wp-content\/uploads\/2017\/11\/photo-grenoble.jpg\" data-bg-repeat=\"false\" data-bg-height=\"\" data-bg-width=\"\"><\/div><div class=\"fusion-fullwidth fullwidth-box fusion-parallax-up hundred-percent-fullwidth non-hundred-percent-height-scrolling fusion-no-small-visibility\"  style='background-color: rgba(255,255,255,0);background-image: url(\"http:\/\/d3s.ai\/wp-content\/uploads\/2017\/11\/photo-grenoble.jpg\");background-position: center center;background-repeat: no-repeat;-webkit-background-size:cover;-moz-background-size:cover;-o-background-size:cover;background-size:cover;background-attachment:up;'><div class=\"fusion-builder-row fusion-row \"><div  class=\"fusion-layout-column fusion_builder_column fusion_builder_column_1_1  fusion-one-full fusion-column-first fusion-column-last 1_1\"  style='margin-top:0px;margin-bottom:0px;'>\n\t\t\t\t\t<div class=\"fusion-column-wrapper\" style=\"background-position:left top;background-repeat:no-repeat;-webkit-background-size:cover;-moz-background-size:cover;-o-background-size:cover;background-size:cover;\"  data-bg-url=\"\">\n\t\t\t\t\t\t<div class=\"fusion-sep-clear\"><\/div><div class=\"fusion-separator fusion-full-width-sep sep-none\" style=\"margin-left: auto;margin-right: auto;margin-top:250px;margin-bottom:250px;\"><\/div><div class=\"fusion-clearfix\"><\/div>\n\n\t\t\t\t\t<\/div>\n\t\t\t\t<\/div><\/div><\/div><div class=\"fusion-fullwidth fullwidth-box fusion-parallax-none hundred-percent-fullwidth non-hundred-percent-height-scrolling fusion-no-medium-visibility fusion-no-large-visibility\"  style='background-color: rgba(255,255,255,0);background-image: url(\"http:\/\/d3s.ai\/wp-content\/uploads\/2017\/11\/photo-grenoble.jpg\");background-position: center center;background-repeat: no-repeat;-webkit-background-size:cover;-moz-background-size:cover;-o-background-size:cover;background-size:cover;'><div class=\"fusion-builder-row fusion-row \"><div  class=\"fusion-layout-column fusion_builder_column fusion_builder_column_1_1  fusion-one-full fusion-column-first fusion-column-last 1_1\"  style='margin-top:0px;margin-bottom:0px;'>\n\t\t\t\t\t<div class=\"fusion-column-wrapper\" style=\"background-position:left top;background-repeat:no-repeat;-webkit-background-size:cover;-moz-background-size:cover;-o-background-size:cover;background-size:cover;\"  data-bg-url=\"\">\n\t\t\t\t\t\t<div class=\"fusion-sep-clear\"><\/div><div class=\"fusion-separator fusion-full-width-sep sep-none\" style=\"margin-left: auto;margin-right: auto;margin-top:100px;margin-bottom:100px;\"><\/div><div class=\"fusion-clearfix\"><\/div>\n\n\t\t\t\t\t<\/div>\n\t\t\t\t<\/div><\/div><\/div><\/p>\n","protected":false},"excerpt":{"rendered":"","protected":false},"author":3,"featured_media":0,"parent":0,"menu_order":1,"comment_status":"closed","ping_status":"closed","template":"100-width.php","meta":{"inline_featured_image":false},"_links":{"self":[{"href":"https:\/\/d3s.ai\/fr\/wp-json\/wp\/v2\/pages\/2277"}],"collection":[{"href":"https:\/\/d3s.ai\/fr\/wp-json\/wp\/v2\/pages"}],"about":[{"href":"https:\/\/d3s.ai\/fr\/wp-json\/wp\/v2\/types\/page"}],"author":[{"embeddable":true,"href":"https:\/\/d3s.ai\/fr\/wp-json\/wp\/v2\/users\/3"}],"replies":[{"embeddable":true,"href":"https:\/\/d3s.ai\/fr\/wp-json\/wp\/v2\/comments?post=2277"}],"version-history":[{"count":5,"href":"https:\/\/d3s.ai\/fr\/wp-json\/wp\/v2\/pages\/2277\/revisions"}],"predecessor-version":[{"id":2386,"href":"https:\/\/d3s.ai\/fr\/wp-json\/wp\/v2\/pages\/2277\/revisions\/2386"}],"wp:attachment":[{"href":"https:\/\/d3s.ai\/fr\/wp-json\/wp\/v2\/media?parent=2277"}],"curies":[{"name":"wp","href":"https:\/\/api.w.org\/{rel}","templated":true}]}}